{"id":9761,"date":"2021-07-07T14:59:40","date_gmt":"2021-07-07T12:59:40","guid":{"rendered":"https:\/\/www.unesco.cultura.gov.it\/?page_id=9761"},"modified":"2021-07-07T14:59:42","modified_gmt":"2021-07-07T12:59:42","slug":"transparent-administration","status":"publish","type":"page","link":"https:\/\/unesco.cultura.gov.it\/en\/transparent-administration\/","title":{"rendered":"Transparent Administration"},"content":{"rendered":"\n<h3 class=\"wp-block-heading\"><strong>Transparent Administration<\/strong><\/h3>\n\n\n\n<p>Il principio della trasparenza, inteso come \u00abaccessibilit\u00e0 totale\u00bb alle informazioni che riguardano l\u2019organizzazione e l\u2019attivit\u00e0 delle pubbliche amministrazioni, \u00e8 stato affermato con decreto legislativo 14 marzo 2013, n. 33. Obiettivo della norma \u00e8 quello di favorire un controllo diffuso da parte del cittadino sull\u2019operato delle istituzioni e sull\u2019utilizzo delle risorse pubbliche.<\/p>\n\n\n\n<p>In particolare, la pubblicazione dei dati in questa sezione intende incentivare la partecipazione dei cittadini per i seguenti scopi:<\/p>\n\n\n<div id=\"custom-block_609943eae27ea\" class=\"custom\">\n        <div class=\"p-5 bg-light mb-4\"><ul>\n<li>assicurare la conoscenza dei servizi resi, le caratteristiche quantitative e qualitative, nonch\u00e9 le modalit\u00e0 di erogazione;<\/li>\n<li>prevenire fenomeni corruttivi e promuovere l\u2019integrit\u00e0;<\/li>\n<li>sottoporre al controllo diffuso ogni fase del ciclo di gestione della performance per consentirne il miglioramento.<\/li>\n<\/ul>\n<\/div>                      <\/div>\n\n\n<p>In questa sezione sono pubblicati i dati, le informazioni e i documenti che riguardano il ministero per i beni e le attivit\u00e0 culturali, in tutte le sue articolazioni centrali e periferiche, tenuto conto delle disposizioni normative, del Programma triennale per la trasparenza e l\u2019integrit\u00e0 2012-2014 elaborato sulle linee guida della Commissione per la valutazione, la trasparenza e l\u2019integrit\u00e0 delle amministrazioni pubbliche (CIVIT), e dei contributi forniti da ciascun dipartimento.<\/p>\n\n\n\n<p>Chiunque pu\u00f2 esercitare il diritto a conoscere, usare e riutilizzare in modo gratuito i dati oggetto di pubblicazione obbligatoria (secondo i termini della licenza d\u2019uso Creative Commons Attribuzione 3.0 CC BY ).<\/p>\n\n\n\n<p>Le nuove norme in materia di obblighi di pubblicit\u00e0, trasparenza e diffusione di informazioni della P.A.: in G.U. il decreto sul riordino della disciplina<br>Entra in vigore il 20 aprile 2013 il decreto che si compone di numero 53 articoli ed un allegato con il quale vengono dettati i principi di trasparenza definita ai sensi dell\u2019art. 1 del decreto in esame come accessibilit\u00e0 totale delle informazioni concernenti l\u2019organizzazione e l\u2019attivit\u00e0 delle pubbliche amministrazioni, allo scopo di favorire forme diffuse di controllo sul perseguimento delle funzioni istituzionali e sull\u2019utilizzo delle risorse pubbliche che viene posta a garanzia delle libert\u00e0 individuali e collettive, nonch\u00e9 dei diritti civili, politici e sociali, integra il diritto ad una buona amministrazione e concorre alla realizzazione di un\u2019amministrazione aperta, al servizio del cittadino.<br>[:en]Il principio della trasparenza, inteso come \u00abaccessibilit\u00e0 totale\u00bb alle informazioni che riguardano l\u2019organizzazione e l\u2019attivit\u00e0 delle pubbliche amministrazioni, \u00e8 stato affermato con decreto legislativo 14 marzo 2013, n. 33. Obiettivo della norma \u00e8 quello di favorire un controllo diffuso da parte del cittadino sull\u2019operato delle istituzioni e sull\u2019utilizzo delle risorse pubbliche.<\/p>\n\n\n\n<p>In particolare, la pubblicazione dei dati in questa sezione intende incentivare la partecipazione dei cittadini per i seguenti scopi:<\/p>\n\n\n<div id=\"custom-block_609943fae27eb\" class=\"custom\">\n        <div class=\"p-5 bg-light mb-4\"><ul>\n<li>assicurare la conoscenza dei servizi resi, le caratteristiche quantitative e qualitative, nonch\u00e9 le modalit\u00e0 di erogazione;<\/li>\n<li>prevenire fenomeni corruttivi e promuovere l\u2019integrit\u00e0;<\/li>\n<li>sottoporre al controllo diffuso ogni fase del ciclo di gestione della performance per consentirne il miglioramento.<\/li>\n<\/ul>\n<\/div>                      <\/div>\n\n\n<p>In questa sezione sono pubblicati i dati, le informazioni e i documenti che riguardano il ministero per i beni e le attivit\u00e0 culturali, in tutte le sue articolazioni centrali e periferiche, tenuto conto delle disposizioni normative, del Programma triennale per la trasparenza e l\u2019integrit\u00e0 2012-2014 elaborato sulle linee guida della Commissione per la valutazione, la trasparenza e l\u2019integrit\u00e0 delle amministrazioni pubbliche (CIVIT), e dei contributi forniti da ciascun dipartimento.<\/p>\n\n\n\n<p>Chiunque pu\u00f2 esercitare il diritto a conoscere, usare e riutilizzare in modo gratuito i dati oggetto di pubblicazione obbligatoria (secondo i termini della licenza d\u2019uso Creative Commons Attribuzione 3.0 CC BY ).<\/p>\n\n\n\n<p>Le nuove norme in materia di obblighi di pubblicit\u00e0, trasparenza e diffusione di informazioni della P.A.: in G.U. il decreto sul riordino della disciplina<br>Entra in vigore il 20 aprile 2013 il decreto che si compone di numero 53 articoli ed un allegato con il quale vengono dettati i principi di trasparenza definita ai sensi dell\u2019art. 1 del decreto in esame come accessibilit\u00e0 totale delle informazioni concernenti l\u2019organizzazione e l\u2019attivit\u00e0 delle pubbliche amministrazioni, allo scopo di favorire forme diffuse di controllo sul perseguimento delle funzioni istituzionali e sull\u2019utilizzo delle risorse pubbliche che viene posta a garanzia delle libert\u00e0 individuali e collettive, nonch\u00e9 dei diritti civili, politici e sociali, integra il diritto ad una buona amministrazione e concorre alla realizzazione di un\u2019amministrazione aperta, al servizio del cittadino.<\/p>\n\n\n\n\n<div id=\"download-block_60994417e27ec\" class=\"download\">\n<div class=\"box-download bg-light px-3 py-4 my-4\">\n\n<a class=\"button\" href=\"https:\/\/www.beniculturali.it\/mibac\/multimedia\/MiBAC\/documents\/1473072243317_D.Lgs._14032013_n._33.pdf\" target=\"_blank\">\n<div class=\"row\">\n\t<div class=\"col-md-auto col-3\"><i class=\"far fa-file-pdf\"><\/i><\/div>\n\t<div class=\"col-md col-9\"><h4>Documentazione<\/h4><p>Decreto legislativo 14.3.2013, n. 33, pubblicato sulla Gazzetta Ufficiale n. 80 del 5.4.2013 con le modifiche apportate dal decreto legilativo 25.05.2016 n. 97 (data ultimo aggiornamento: 05 settembre 2016)<\/p><\/div>\n\t\n\t<\/div>\n\n<\/a>\n\n<\/div>\n<\/div>\n\n\n\n\n","protected":false},"excerpt":{"rendered":"<p>Transparent Administration Il principio della trasparenza, inteso come \u00abaccessibilit\u00e0 totale\u00bb alle informazioni che riguardano l\u2019organizzazione e l\u2019attivit\u00e0 delle [&hellip;]<\/p>\n","protected":false},"author":1,"featured_media":0,"parent":0,"menu_order":0,"comment_status":"closed","ping_status":"closed","template":"","meta":{"_acf_changed":false,"footnotes":""},"class_list":["post-9761","page","type-page","status-publish","hentry"],"acf":[],"yoast_head":"<!-- This site is optimized with the Yoast SEO plugin v26.7 - https:\/\/yoast.com\/wordpress\/plugins\/seo\/ -->\n<title>Transparent Administration - Unesco Beni Culturali<\/title>\n<meta name=\"robots\" content=\"index, follow, max-snippet:-1, max-image-preview:large, max-video-preview:-1\" \/>\n<link rel=\"canonical\" href=\"https:\/\/unesco.cultura.gov.it\/en\/transparent-administration\/\" \/>\n<meta property=\"og:locale\" content=\"en_US\" \/>\n<meta property=\"og:type\" content=\"article\" \/>\n<meta property=\"og:title\" content=\"Transparent Administration - Unesco Beni Culturali\" \/>\n<meta property=\"og:description\" content=\"Transparent Administration Il principio della trasparenza, inteso come \u00abaccessibilit\u00e0 totale\u00bb alle informazioni che riguardano l\u2019organizzazione e l\u2019attivit\u00e0 delle [&hellip;]\" \/>\n<meta property=\"og:url\" content=\"https:\/\/unesco.cultura.gov.it\/en\/transparent-administration\/\" \/>\n<meta property=\"og:site_name\" content=\"Unesco Beni Culturali\" \/>\n<meta property=\"article:modified_time\" content=\"2021-07-07T12:59:42+00:00\" \/>\n<meta name=\"twitter:card\" content=\"summary_large_image\" \/>\n<meta name=\"twitter:label1\" content=\"Est. reading time\" \/>\n\t<meta name=\"twitter:data1\" content=\"3 minutes\" \/>\n<script type=\"application\/ld+json\" class=\"yoast-schema-graph\">{\"@context\":\"https:\/\/schema.org\",\"@graph\":[{\"@type\":\"WebPage\",\"@id\":\"https:\/\/unesco.cultura.gov.it\/en\/transparent-administration\/\",\"url\":\"https:\/\/unesco.cultura.gov.it\/en\/transparent-administration\/\",\"name\":\"Transparent Administration - Unesco Beni Culturali\",\"isPartOf\":{\"@id\":\"https:\/\/unesco.cultura.gov.it\/en\/#website\"},\"datePublished\":\"2021-07-07T12:59:40+00:00\",\"dateModified\":\"2021-07-07T12:59:42+00:00\",\"breadcrumb\":{\"@id\":\"https:\/\/unesco.cultura.gov.it\/en\/transparent-administration\/#breadcrumb\"},\"inLanguage\":\"en-US\",\"potentialAction\":[{\"@type\":\"ReadAction\",\"target\":[\"https:\/\/unesco.cultura.gov.it\/en\/transparent-administration\/\"]}]},{\"@type\":\"BreadcrumbList\",\"@id\":\"https:\/\/unesco.cultura.gov.it\/en\/transparent-administration\/#breadcrumb\",\"itemListElement\":[{\"@type\":\"ListItem\",\"position\":1,\"name\":\"Home\",\"item\":\"https:\/\/unesco.cultura.gov.it\/en\/\"},{\"@type\":\"ListItem\",\"position\":2,\"name\":\"Transparent Administration\"}]},{\"@type\":\"WebSite\",\"@id\":\"https:\/\/unesco.cultura.gov.it\/en\/#website\",\"url\":\"https:\/\/unesco.cultura.gov.it\/en\/\",\"name\":\"Unesco Beni Culturali\",\"description\":\"Ufficio UNESCO\",\"potentialAction\":[{\"@type\":\"SearchAction\",\"target\":{\"@type\":\"EntryPoint\",\"urlTemplate\":\"https:\/\/unesco.cultura.gov.it\/en\/?s={search_term_string}\"},\"query-input\":{\"@type\":\"PropertyValueSpecification\",\"valueRequired\":true,\"valueName\":\"search_term_string\"}}],\"inLanguage\":\"en-US\"}]}<\/script>\n<!-- \/ Yoast SEO plugin. -->","yoast_head_json":{"title":"Transparent Administration - Unesco Beni Culturali","robots":{"index":"index","follow":"follow","max-snippet":"max-snippet:-1","max-image-preview":"max-image-preview:large","max-video-preview":"max-video-preview:-1"},"canonical":"https:\/\/unesco.cultura.gov.it\/en\/transparent-administration\/","og_locale":"en_US","og_type":"article","og_title":"Transparent Administration - Unesco Beni Culturali","og_description":"Transparent Administration Il principio della trasparenza, inteso come \u00abaccessibilit\u00e0 totale\u00bb alle informazioni che riguardano l\u2019organizzazione e l\u2019attivit\u00e0 delle [&hellip;]","og_url":"https:\/\/unesco.cultura.gov.it\/en\/transparent-administration\/","og_site_name":"Unesco Beni Culturali","article_modified_time":"2021-07-07T12:59:42+00:00","twitter_card":"summary_large_image","twitter_misc":{"Est. reading time":"3 minutes"},"schema":{"@context":"https:\/\/schema.org","@graph":[{"@type":"WebPage","@id":"https:\/\/unesco.cultura.gov.it\/en\/transparent-administration\/","url":"https:\/\/unesco.cultura.gov.it\/en\/transparent-administration\/","name":"Transparent Administration - Unesco Beni Culturali","isPartOf":{"@id":"https:\/\/unesco.cultura.gov.it\/en\/#website"},"datePublished":"2021-07-07T12:59:40+00:00","dateModified":"2021-07-07T12:59:42+00:00","breadcrumb":{"@id":"https:\/\/unesco.cultura.gov.it\/en\/transparent-administration\/#breadcrumb"},"inLanguage":"en-US","potentialAction":[{"@type":"ReadAction","target":["https:\/\/unesco.cultura.gov.it\/en\/transparent-administration\/"]}]},{"@type":"BreadcrumbList","@id":"https:\/\/unesco.cultura.gov.it\/en\/transparent-administration\/#breadcrumb","itemListElement":[{"@type":"ListItem","position":1,"name":"Home","item":"https:\/\/unesco.cultura.gov.it\/en\/"},{"@type":"ListItem","position":2,"name":"Transparent Administration"}]},{"@type":"WebSite","@id":"https:\/\/unesco.cultura.gov.it\/en\/#website","url":"https:\/\/unesco.cultura.gov.it\/en\/","name":"Unesco Beni Culturali","description":"Ufficio UNESCO","potentialAction":[{"@type":"SearchAction","target":{"@type":"EntryPoint","urlTemplate":"https:\/\/unesco.cultura.gov.it\/en\/?s={search_term_string}"},"query-input":{"@type":"PropertyValueSpecification","valueRequired":true,"valueName":"search_term_string"}}],"inLanguage":"en-US"}]}},"_links":{"self":[{"href":"https:\/\/unesco.cultura.gov.it\/en\/wp-json\/wp\/v2\/pages\/9761","targetHints":{"allow":["GET"]}}],"collection":[{"href":"https:\/\/unesco.cultura.gov.it\/en\/wp-json\/wp\/v2\/pages"}],"about":[{"href":"https:\/\/unesco.cultura.gov.it\/en\/wp-json\/wp\/v2\/types\/page"}],"author":[{"embeddable":true,"href":"https:\/\/unesco.cultura.gov.it\/en\/wp-json\/wp\/v2\/users\/1"}],"replies":[{"embeddable":true,"href":"https:\/\/unesco.cultura.gov.it\/en\/wp-json\/wp\/v2\/comments?post=9761"}],"version-history":[{"count":1,"href":"https:\/\/unesco.cultura.gov.it\/en\/wp-json\/wp\/v2\/pages\/9761\/revisions"}],"predecessor-version":[{"id":9762,"href":"https:\/\/unesco.cultura.gov.it\/en\/wp-json\/wp\/v2\/pages\/9761\/revisions\/9762"}],"wp:attachment":[{"href":"https:\/\/unesco.cultura.gov.it\/en\/wp-json\/wp\/v2\/media?parent=9761"}],"curies":[{"name":"wp","href":"https:\/\/api.w.org\/{rel}","templated":true}]}}